{"id":726,"date":"2024-02-17T18:46:48","date_gmt":"2024-02-17T21:46:48","guid":{"rendered":"https:\/\/helpety.com.br\/?post_type=product&#038;p=726"},"modified":"2025-12-26T10:28:34","modified_gmt":"2025-12-26T13:28:34","slug":"roupa-pos-cirurgica-para-membros-pelvico","status":"publish","type":"product","link":"https:\/\/helpety.com.br\/index.php\/produto\/roupa-pos-cirurgica-para-membros-pelvico\/","title":{"rendered":"Roupa P\u00f3s-Cir\u00fargica Membro P\u00e9lvico (Posterior) &#8211; Unissex"},"content":{"rendered":"<p data-start=\"90\" data-end=\"435\">Apresentamos a nossa<strong> roupa cir\u00fargica para cachorro membros posteriores\u00a0<\/strong>especialmente desenvolvida para proteger os membros p\u00e9lvicos durante o per\u00edodo de recupera\u00e7\u00e3o. Projetada para oferecer suporte essencial ao p\u00f3s-operat\u00f3rio, ela \u00e9 ideal para c\u00e3es que passaram por cirurgias nessa regi\u00e3o e precisa evitar que o pet lamba ou arranhe os pontos.<\/p>\n<p data-start=\"437\" data-end=\"775\">Confeccionada em poliamida, poli\u00e9ster e elastano, nossa <strong data-start=\"517\" data-end=\"540\">roupa cir\u00fargica pet<\/strong> possui alta flexibilidade e uma textura similar ao algod\u00e3o, perfeita para climas tropicais. Seu design unissex, com fechamento em z\u00edper, garante um ajuste seguro e confort\u00e1vel, proporcionando conforto t\u00e9rmico, leveza e secagem r\u00e1pida.<\/p>\n<p data-start=\"777\" data-end=\"794\"><strong data-start=\"777\" data-end=\"792\">Benef\u00edcios:<\/strong><\/p>\n<ul data-start=\"795\" data-end=\"1065\">\n<li data-start=\"795\" data-end=\"868\">Protege a \u00e1rea operada, evitando que o pet interfira na cicatriza\u00e7\u00e3o.<\/li>\n<li data-start=\"869\" data-end=\"948\">Promove uma sensa\u00e7\u00e3o de calma e seguran\u00e7a, mesmo em ambientes movimentados.<\/li>\n<li data-start=\"949\" data-end=\"1065\">Indicada para c\u00e3es, tanto macho quanto f\u00eamea<\/li>\n<\/ul>\n<p data-start=\"1067\" data-end=\"1432\">Se voc\u00ea procura <strong data-start=\"1083\" data-end=\"1129\">onde comprar roupa cirurgica para cachorro<\/strong> de alta qualidade e com um excelente pre\u00e7o, essa pe\u00e7a \u00e9 a escolha certa.<\/p>\n<p data-start=\"1434\" data-end=\"1676\">Invista no bem-estar do seu pet com nossa <strong data-start=\"1476\" data-end=\"1513\">roupa p\u00f3s cir\u00fargica para cachorro membros posteriores<\/strong>, dispon\u00edvel cachorros de diferentes portes. Experimente essa solu\u00e7\u00e3o e garanta uma recupera\u00e7\u00e3o segura e confort\u00e1vel para o seu melhor amigo!<\/p>\n<p data-start=\"1434\" data-end=\"1676\">Pet que usa Helpety, d\u00e1 match!<\/p>\n","protected":false},"excerpt":{"rendered":"<p>Apresentamos a nossa roupa cir\u00fargica para cachorro membros posteriores\u00a0especialmente desenvolvida para proteger os membros p\u00e9lvicos durante o per\u00edodo de recupera\u00e7\u00e3o. Projetada para oferecer suporte essencial ao p\u00f3s-operat\u00f3rio, ela \u00e9 ideal para c\u00e3es que passaram por cirurgias nessa regi\u00e3o e precisa evitar que o pet lamba ou arranhe os pontos. Confeccionada em poliamida, poli\u00e9ster e elastano, nossa roupa cir\u00fargica pet possui alta flexibilidade e uma textura similar ao algod\u00e3o, perfeita para climas tropicais. Seu design unissex, com fechamento em z\u00edper, garante um ajuste seguro e confort\u00e1vel, proporcionando conforto t\u00e9rmico, leveza e secagem r\u00e1pida. Benef\u00edcios: Protege a \u00e1rea operada, evitando que o pet interfira na cicatriza\u00e7\u00e3o. Promove uma sensa\u00e7\u00e3o de calma e seguran\u00e7a, mesmo em ambientes movimentados. Indicada para c\u00e3es, tanto macho quanto f\u00eamea Se voc\u00ea procura onde comprar roupa cirurgica para cachorro de alta qualidade e com um excelente pre\u00e7o, essa pe\u00e7a \u00e9 a escolha certa. Invista no bem-estar do seu pet com nossa roupa p\u00f3s cir\u00fargica para cachorro membros posteriores, dispon\u00edvel cachorros de diferentes portes. Experimente essa solu\u00e7\u00e3o e garanta uma recupera\u00e7\u00e3o segura e confort\u00e1vel para o seu melhor amigo! Pet que usa Helpety, d\u00e1 match!<\/p>\n","protected":false},"featured_media":1745,"comment_status":"open","ping_status":"closed","template":"","meta":{"_joinchat":[]},"product_brand":[],"product_cat":[18],"product_tag":[],"class_list":{"0":"post-726","1":"product","2":"type-product","3":"status-publish","4":"has-post-thumbnail","6":"product_cat-roupa-cirurgica-para-cachorro","8":"first","9":"instock","10":"taxable","11":"shipping-taxable","12":"purchasable","13":"product-type-variable"},"yoast_head":"<!-- This site is optimized with the Yoast SEO plugin v27.5 - https:\/\/yoast.com\/product\/yoast-seo-wordpress\/ -->\n<title>Roupa P\u00f3s-Cir\u00fargica Membro P\u00e9lvico (Posterior) - Unissex - HelPety<\/title>\n<meta name=\"description\" content=\"Adquira a roupa p\u00f3s cir\u00fargica menbros p\u00e9lvicos com fechamento em z\u00edper e tecido que se ajusta ao corpo do pet, confira os tamanhos\" \/>\n<meta name=\"robots\" content=\"index, follow, max-snippet:-1, max-image-preview:large, max-video-preview:-1\" \/>\n<link rel=\"canonical\" href=\"https:\/\/helpety.com.br\/index.php\/produto\/roupa-pos-cirurgica-para-membros-pelvico\/\" \/>\n<meta property=\"og:locale\" content=\"pt_BR\" \/>\n<meta property=\"og:type\" content=\"article\" \/>\n<meta property=\"og:title\" content=\"Roupa P\u00f3s-Cir\u00fargica Membro P\u00e9lvico (Posterior) - Unissex - HelPety\" \/>\n<meta property=\"og:description\" content=\"Adquira a roupa p\u00f3s cir\u00fargica menbros p\u00e9lvicos com fechamento em z\u00edper e tecido que se ajusta ao corpo do pet, confira os tamanhos\" \/>\n<meta property=\"og:url\" content=\"https:\/\/helpety.com.br\/index.php\/produto\/roupa-pos-cirurgica-para-membros-pelvico\/\" \/>\n<meta property=\"og:site_name\" content=\"HelPety\" \/>\n<meta property=\"article:publisher\" content=\"https:\/\/www.facebook.com\/helpety\/\" \/>\n<meta property=\"article:modified_time\" content=\"2025-12-26T13:28:34+00:00\" \/>\n<meta property=\"og:image\" content=\"https:\/\/helpety.com.br\/wp-content\/uploads\/2024\/02\/roupa-cirurgica-para-cachorro-6-1-1.png\" \/>\n\t<meta property=\"og:image:width\" content=\"1080\" \/>\n\t<meta property=\"og:image:height\" content=\"1080\" \/>\n\t<meta property=\"og:image:type\" content=\"image\/png\" \/>\n<meta name=\"twitter:card\" content=\"summary_large_image\" \/>\n<meta name=\"twitter:label1\" content=\"Est. tempo de leitura\" \/>\n\t<meta name=\"twitter:data1\" content=\"2 minutos\" \/>\n<script type=\"application\/ld+json\" class=\"yoast-schema-graph\">{\"@context\":\"https:\\\/\\\/schema.org\",\"@graph\":[{\"@type\":\"WebPage\",\"@id\":\"https:\\\/\\\/helpety.com.br\\\/index.php\\\/produto\\\/roupa-pos-cirurgica-para-membros-pelvico\\\/\",\"url\":\"https:\\\/\\\/helpety.com.br\\\/index.php\\\/produto\\\/roupa-pos-cirurgica-para-membros-pelvico\\\/\",\"name\":\"Roupa P\u00f3s-Cir\u00fargica Membro P\u00e9lvico (Posterior) - Unissex - HelPety\",\"isPartOf\":{\"@id\":\"https:\\\/\\\/helpety.com.br\\\/#website\"},\"primaryImageOfPage\":{\"@id\":\"https:\\\/\\\/helpety.com.br\\\/index.php\\\/produto\\\/roupa-pos-cirurgica-para-membros-pelvico\\\/#primaryimage\"},\"image\":{\"@id\":\"https:\\\/\\\/helpety.com.br\\\/index.php\\\/produto\\\/roupa-pos-cirurgica-para-membros-pelvico\\\/#primaryimage\"},\"thumbnailUrl\":\"https:\\\/\\\/helpety.com.br\\\/wp-content\\\/uploads\\\/2024\\\/02\\\/roupa-cirurgica-para-cachorro-6-1-1.png\",\"datePublished\":\"2024-02-17T21:46:48+00:00\",\"dateModified\":\"2025-12-26T13:28:34+00:00\",\"description\":\"Adquira a roupa p\u00f3s cir\u00fargica menbros p\u00e9lvicos com fechamento em z\u00edper e tecido que se ajusta ao corpo do pet, confira os tamanhos\",\"breadcrumb\":{\"@id\":\"https:\\\/\\\/helpety.com.br\\\/index.php\\\/produto\\\/roupa-pos-cirurgica-para-membros-pelvico\\\/#breadcrumb\"},\"inLanguage\":\"pt-BR\",\"potentialAction\":[{\"@type\":\"ReadAction\",\"target\":[\"https:\\\/\\\/helpety.com.br\\\/index.php\\\/produto\\\/roupa-pos-cirurgica-para-membros-pelvico\\\/\"]}]},{\"@type\":\"ImageObject\",\"inLanguage\":\"pt-BR\",\"@id\":\"https:\\\/\\\/helpety.com.br\\\/index.php\\\/produto\\\/roupa-pos-cirurgica-para-membros-pelvico\\\/#primaryimage\",\"url\":\"https:\\\/\\\/helpety.com.br\\\/wp-content\\\/uploads\\\/2024\\\/02\\\/roupa-cirurgica-para-cachorro-6-1-1.png\",\"contentUrl\":\"https:\\\/\\\/helpety.com.br\\\/wp-content\\\/uploads\\\/2024\\\/02\\\/roupa-cirurgica-para-cachorro-6-1-1.png\",\"width\":1080,\"height\":1080,\"caption\":\"roupa cir\u00fargica para cachorro\"},{\"@type\":\"BreadcrumbList\",\"@id\":\"https:\\\/\\\/helpety.com.br\\\/index.php\\\/produto\\\/roupa-pos-cirurgica-para-membros-pelvico\\\/#breadcrumb\",\"itemListElement\":[{\"@type\":\"ListItem\",\"position\":1,\"name\":\"In\u00edcio\",\"item\":\"https:\\\/\\\/helpety.com.br\\\/\"},{\"@type\":\"ListItem\",\"position\":2,\"name\":\"Loja\",\"item\":\"https:\\\/\\\/helpety.com.br\\\/index.php\\\/e-commerce\\\/\"},{\"@type\":\"ListItem\",\"position\":3,\"name\":\"Roupa P\u00f3s-Cir\u00fargica Membro P\u00e9lvico (Posterior) &#8211; Unissex\"}]},{\"@type\":\"WebSite\",\"@id\":\"https:\\\/\\\/helpety.com.br\\\/#website\",\"url\":\"https:\\\/\\\/helpety.com.br\\\/\",\"name\":\"HelPety\",\"description\":\"\",\"publisher\":{\"@id\":\"https:\\\/\\\/helpety.com.br\\\/#organization\"},\"potentialAction\":[{\"@type\":\"SearchAction\",\"target\":{\"@type\":\"EntryPoint\",\"urlTemplate\":\"https:\\\/\\\/helpety.com.br\\\/?s={search_term_string}\"},\"query-input\":{\"@type\":\"PropertyValueSpecification\",\"valueRequired\":true,\"valueName\":\"search_term_string\"}}],\"inLanguage\":\"pt-BR\"},{\"@type\":\"Organization\",\"@id\":\"https:\\\/\\\/helpety.com.br\\\/#organization\",\"name\":\"HelPety\",\"url\":\"https:\\\/\\\/helpety.com.br\\\/\",\"logo\":{\"@type\":\"ImageObject\",\"inLanguage\":\"pt-BR\",\"@id\":\"https:\\\/\\\/helpety.com.br\\\/#\\\/schema\\\/logo\\\/image\\\/\",\"url\":\"https:\\\/\\\/helpety.com.br\\\/wp-content\\\/uploads\\\/2024\\\/02\\\/HelPety-removebg-preview.png\",\"contentUrl\":\"https:\\\/\\\/helpety.com.br\\\/wp-content\\\/uploads\\\/2024\\\/02\\\/HelPety-removebg-preview.png\",\"width\":204,\"height\":204,\"caption\":\"HelPety\"},\"image\":{\"@id\":\"https:\\\/\\\/helpety.com.br\\\/#\\\/schema\\\/logo\\\/image\\\/\"},\"sameAs\":[\"https:\\\/\\\/www.facebook.com\\\/helpety\\\/\"]}]}<\/script>\n<!-- \/ Yoast SEO plugin. -->","yoast_head_json":{"title":"Roupa P\u00f3s-Cir\u00fargica Membro P\u00e9lvico (Posterior) - Unissex - HelPety","description":"Adquira a roupa p\u00f3s cir\u00fargica menbros p\u00e9lvicos com fechamento em z\u00edper e tecido que se ajusta ao corpo do pet, confira os tamanhos","robots":{"index":"index","follow":"follow","max-snippet":"max-snippet:-1","max-image-preview":"max-image-preview:large","max-video-preview":"max-video-preview:-1"},"canonical":"https:\/\/helpety.com.br\/index.php\/produto\/roupa-pos-cirurgica-para-membros-pelvico\/","og_locale":"pt_BR","og_type":"article","og_title":"Roupa P\u00f3s-Cir\u00fargica Membro P\u00e9lvico (Posterior) - Unissex - HelPety","og_description":"Adquira a roupa p\u00f3s cir\u00fargica menbros p\u00e9lvicos com fechamento em z\u00edper e tecido que se ajusta ao corpo do pet, confira os tamanhos","og_url":"https:\/\/helpety.com.br\/index.php\/produto\/roupa-pos-cirurgica-para-membros-pelvico\/","og_site_name":"HelPety","article_publisher":"https:\/\/www.facebook.com\/helpety\/","article_modified_time":"2025-12-26T13:28:34+00:00","og_image":[{"width":1080,"height":1080,"url":"https:\/\/helpety.com.br\/wp-content\/uploads\/2024\/02\/roupa-cirurgica-para-cachorro-6-1-1.png","type":"image\/png"}],"twitter_card":"summary_large_image","twitter_misc":{"Est. tempo de leitura":"2 minutos"},"schema":{"@context":"https:\/\/schema.org","@graph":[{"@type":"WebPage","@id":"https:\/\/helpety.com.br\/index.php\/produto\/roupa-pos-cirurgica-para-membros-pelvico\/","url":"https:\/\/helpety.com.br\/index.php\/produto\/roupa-pos-cirurgica-para-membros-pelvico\/","name":"Roupa P\u00f3s-Cir\u00fargica Membro P\u00e9lvico (Posterior) - Unissex - HelPety","isPartOf":{"@id":"https:\/\/helpety.com.br\/#website"},"primaryImageOfPage":{"@id":"https:\/\/helpety.com.br\/index.php\/produto\/roupa-pos-cirurgica-para-membros-pelvico\/#primaryimage"},"image":{"@id":"https:\/\/helpety.com.br\/index.php\/produto\/roupa-pos-cirurgica-para-membros-pelvico\/#primaryimage"},"thumbnailUrl":"https:\/\/helpety.com.br\/wp-content\/uploads\/2024\/02\/roupa-cirurgica-para-cachorro-6-1-1.png","datePublished":"2024-02-17T21:46:48+00:00","dateModified":"2025-12-26T13:28:34+00:00","description":"Adquira a roupa p\u00f3s cir\u00fargica menbros p\u00e9lvicos com fechamento em z\u00edper e tecido que se ajusta ao corpo do pet, confira os tamanhos","breadcrumb":{"@id":"https:\/\/helpety.com.br\/index.php\/produto\/roupa-pos-cirurgica-para-membros-pelvico\/#breadcrumb"},"inLanguage":"pt-BR","potentialAction":[{"@type":"ReadAction","target":["https:\/\/helpety.com.br\/index.php\/produto\/roupa-pos-cirurgica-para-membros-pelvico\/"]}]},{"@type":"ImageObject","inLanguage":"pt-BR","@id":"https:\/\/helpety.com.br\/index.php\/produto\/roupa-pos-cirurgica-para-membros-pelvico\/#primaryimage","url":"https:\/\/helpety.com.br\/wp-content\/uploads\/2024\/02\/roupa-cirurgica-para-cachorro-6-1-1.png","contentUrl":"https:\/\/helpety.com.br\/wp-content\/uploads\/2024\/02\/roupa-cirurgica-para-cachorro-6-1-1.png","width":1080,"height":1080,"caption":"roupa cir\u00fargica para cachorro"},{"@type":"BreadcrumbList","@id":"https:\/\/helpety.com.br\/index.php\/produto\/roupa-pos-cirurgica-para-membros-pelvico\/#breadcrumb","itemListElement":[{"@type":"ListItem","position":1,"name":"In\u00edcio","item":"https:\/\/helpety.com.br\/"},{"@type":"ListItem","position":2,"name":"Loja","item":"https:\/\/helpety.com.br\/index.php\/e-commerce\/"},{"@type":"ListItem","position":3,"name":"Roupa P\u00f3s-Cir\u00fargica Membro P\u00e9lvico (Posterior) &#8211; Unissex"}]},{"@type":"WebSite","@id":"https:\/\/helpety.com.br\/#website","url":"https:\/\/helpety.com.br\/","name":"HelPety","description":"","publisher":{"@id":"https:\/\/helpety.com.br\/#organization"},"potentialAction":[{"@type":"SearchAction","target":{"@type":"EntryPoint","urlTemplate":"https:\/\/helpety.com.br\/?s={search_term_string}"},"query-input":{"@type":"PropertyValueSpecification","valueRequired":true,"valueName":"search_term_string"}}],"inLanguage":"pt-BR"},{"@type":"Organization","@id":"https:\/\/helpety.com.br\/#organization","name":"HelPety","url":"https:\/\/helpety.com.br\/","logo":{"@type":"ImageObject","inLanguage":"pt-BR","@id":"https:\/\/helpety.com.br\/#\/schema\/logo\/image\/","url":"https:\/\/helpety.com.br\/wp-content\/uploads\/2024\/02\/HelPety-removebg-preview.png","contentUrl":"https:\/\/helpety.com.br\/wp-content\/uploads\/2024\/02\/HelPety-removebg-preview.png","width":204,"height":204,"caption":"HelPety"},"image":{"@id":"https:\/\/helpety.com.br\/#\/schema\/logo\/image\/"},"sameAs":["https:\/\/www.facebook.com\/helpety\/"]}]}},"jetpack_sharing_enabled":true,"_links":{"self":[{"href":"https:\/\/helpety.com.br\/index.php\/wp-json\/wp\/v2\/product\/726","targetHints":{"allow":["GET"]}}],"collection":[{"href":"https:\/\/helpety.com.br\/index.php\/wp-json\/wp\/v2\/product"}],"about":[{"href":"https:\/\/helpety.com.br\/index.php\/wp-json\/wp\/v2\/types\/product"}],"replies":[{"embeddable":true,"href":"https:\/\/helpety.com.br\/index.php\/wp-json\/wp\/v2\/comments?post=726"}],"wp:featuredmedia":[{"embeddable":true,"href":"https:\/\/helpety.com.br\/index.php\/wp-json\/wp\/v2\/media\/1745"}],"wp:attachment":[{"href":"https:\/\/helpety.com.br\/index.php\/wp-json\/wp\/v2\/media?parent=726"}],"wp:term":[{"taxonomy":"product_brand","embeddable":true,"href":"https:\/\/helpety.com.br\/index.php\/wp-json\/wp\/v2\/product_brand?post=726"},{"taxonomy":"product_cat","embeddable":true,"href":"https:\/\/helpety.com.br\/index.php\/wp-json\/wp\/v2\/product_cat?post=726"},{"taxonomy":"product_tag","embeddable":true,"href":"https:\/\/helpety.com.br\/index.php\/wp-json\/wp\/v2\/product_tag?post=726"}],"curies":[{"name":"wp","href":"https:\/\/api.w.org\/{rel}","templated":true}]}}