{"id":259,"date":"2024-02-08T12:19:40","date_gmt":"2024-02-08T15:19:40","guid":{"rendered":"https:\/\/helpety.com.br\/?post_type=product&#038;p=259"},"modified":"2025-12-26T10:28:38","modified_gmt":"2025-12-26T13:28:38","slug":"roupa-cirurgica-para-cachorro-com-velcro-unissex","status":"publish","type":"product","link":"https:\/\/helpety.com.br\/index.php\/produto\/roupa-cirurgica-para-cachorro-com-velcro-unissex\/","title":{"rendered":"Roupa P\u00f3s-Cir\u00fargica de Algod\u00e3o para C\u00e3es | Unissex com Z\u00edper e Velcro"},"content":{"rendered":"<p>A recupera\u00e7\u00e3o do seu c\u00e3o \u00e9 um momento que pede o m\u00e1ximo de conforto. Para pets (e tutores) que preferem a sensa\u00e7\u00e3o natural, respir\u00e1vel e aconchegante do algod\u00e3o, a Helpety desenvolveu a solu\u00e7\u00e3o perfeita.<\/p>\n<p>Apresentamos a <b>Roupa P\u00f3s-Cir\u00fargica Cotton 8<\/b>, que une o conforto cl\u00e1ssico do algod\u00e3o \u00e0 inova\u00e7\u00e3o e praticidade que s\u00f3 a Helpety oferece.<\/p>\n<h3><b>Conforto Cl\u00e1ssico, Design Inovador:<\/b><\/h3>\n<ul>\n<li><b><span class=\"citation-90\">A Praticidade Absoluta do Z\u00edper nas Costas:<\/span><\/b><span class=\"citation-90\"> Assim como nossas roupas de alta performance, este modelo possui o <\/span><b><span class=\"citation-90\">z\u00edper completo nas costas<\/span><\/b>. <span class=\"citation-89\">Isso elimina o estresse de vestir o pet, pois voc\u00ea <\/span><b><span class=\"citation-89\">n\u00e3o precisa passar a roupa pela cabe\u00e7a ou patas<\/span><\/b> \u2013 um al\u00edvio imenso para animais doloridos ou ansiosos.<\/li>\n<li><b>Conforto Natural (Tecido Cotton 8):<\/b> Esta roupa <b>unissex<\/b> \u00e9 feita em Cotton 8 (algod\u00e3o com elastano). O tecido oferece um toque extremamente macio, leve e respir\u00e1vel, ideal para c\u00e3es com pele mais sens\u00edvel ou para quem busca um conforto mais &#8220;aconchegante&#8221; durante o p\u00f3s-operat\u00f3rio.<\/li>\n<li><b>Ajuste Duplo e Perfeito (Velcro):<\/b> O grande diferencial deste modelo \u00e9 o <b>ajuste duplo<\/b>. Al\u00e9m da modelagem que se adapta ao corpo, ele conta com um fecho de <b>velcro na parte traseira<\/b>, permitindo uma regulagem fina e perfeita ao corpo do seu c\u00e3o, garantindo que a roupa n\u00e3o saia do lugar, sem apertar.<\/li>\n<li><b>Design Unissex Inteligente (Abertura Personaliz\u00e1vel):<\/b> Ideal para <b>c\u00e3es machos e f\u00eameas<\/b> em recupera\u00e7\u00e3o de <b>castra\u00e7\u00e3o ou cirurgias abdominais<\/b>. <span class=\"citation-88 citation-end-88\">Possui uma abertura higi\u00eanica personaliz\u00e1vel que se ajusta ao tamanho do \u00f3rg\u00e3o do pet<\/span>, permitindo que ele fa\u00e7a suas necessidades sem sujar a roupa.<\/li>\n<\/ul>\n<p><b>Para Veterin\u00e1rios e Cl\u00ednicas:<\/b> <span class=\"citation-87 citation-end-87\">Ofere\u00e7a aos seus clientes uma alternativa de recupera\u00e7\u00e3o com a sensa\u00e7\u00e3o t\u00e1til e hipoalerg\u00eanica do algod\u00e3o, sem abrir m\u00e3o da praticidade do z\u00edper para o manejo<\/span>. Uma excelente op\u00e7\u00e3o para diferentes perfis de pacientes que buscam conforto tradicional com design moderno.<\/p>\n<p><b>Para um p\u00f3s-operat\u00f3rio aconchegante, pr\u00e1tico e seguro, escolha a Roupa P\u00f3s-Cir\u00fargica Cotton 8. Consulte nosso guia de tamanhos e escolha a Helpety!<\/b><\/p>\n","protected":false},"excerpt":{"rendered":"<p>A recupera\u00e7\u00e3o do seu c\u00e3o \u00e9 um momento que pede o m\u00e1ximo de conforto. Para pets (e tutores) que preferem a sensa\u00e7\u00e3o natural, respir\u00e1vel e aconchegante do algod\u00e3o, a Helpety desenvolveu a solu\u00e7\u00e3o perfeita. Apresentamos a Roupa P\u00f3s-Cir\u00fargica Cotton 8, que une o conforto cl\u00e1ssico do algod\u00e3o \u00e0 inova\u00e7\u00e3o e praticidade que s\u00f3 a Helpety oferece. Conforto Cl\u00e1ssico, Design Inovador: A Praticidade Absoluta do Z\u00edper nas Costas: Assim como nossas roupas de alta performance, este modelo possui o z\u00edper completo nas costas. Isso elimina o estresse de vestir o pet, pois voc\u00ea n\u00e3o precisa passar a roupa pela cabe\u00e7a ou patas \u2013 um al\u00edvio imenso para animais doloridos ou ansiosos. Conforto Natural (Tecido Cotton 8): Esta roupa unissex \u00e9 feita em Cotton 8 (algod\u00e3o com elastano). O tecido oferece um toque extremamente macio, leve e respir\u00e1vel, ideal para c\u00e3es com pele mais sens\u00edvel ou para quem busca um conforto mais &#8220;aconchegante&#8221; durante o p\u00f3s-operat\u00f3rio. Ajuste Duplo e Perfeito (Velcro): O grande diferencial deste modelo \u00e9 o ajuste duplo. Al\u00e9m da modelagem que se adapta ao corpo, ele conta com um fecho de velcro na parte traseira, permitindo uma regulagem fina e perfeita ao corpo do seu c\u00e3o, garantindo que a roupa n\u00e3o saia do lugar, sem apertar. Design Unissex Inteligente (Abertura Personaliz\u00e1vel): Ideal para c\u00e3es machos e f\u00eameas em recupera\u00e7\u00e3o de castra\u00e7\u00e3o ou cirurgias abdominais. Possui uma abertura higi\u00eanica personaliz\u00e1vel que se ajusta ao tamanho do \u00f3rg\u00e3o do pet, permitindo que ele fa\u00e7a suas necessidades sem sujar a roupa. Para Veterin\u00e1rios e Cl\u00ednicas: Ofere\u00e7a aos seus clientes uma alternativa de recupera\u00e7\u00e3o com a sensa\u00e7\u00e3o t\u00e1til e hipoalerg\u00eanica do algod\u00e3o, sem abrir m\u00e3o da praticidade do z\u00edper para o manejo. Uma excelente op\u00e7\u00e3o para diferentes perfis de pacientes que buscam conforto tradicional com design moderno. Para um p\u00f3s-operat\u00f3rio aconchegante, pr\u00e1tico e seguro, escolha a Roupa P\u00f3s-Cir\u00fargica Cotton 8. Consulte nosso guia de tamanhos e escolha a Helpety!<\/p>\n","protected":false},"featured_media":1270,"comment_status":"open","ping_status":"closed","template":"","meta":{"_joinchat":[]},"product_brand":[],"product_cat":[18],"product_tag":[],"class_list":{"0":"post-259","1":"product","2":"type-product","3":"status-publish","4":"has-post-thumbnail","6":"product_cat-roupa-cirurgica-para-cachorro","8":"first","9":"instock","10":"taxable","11":"shipping-taxable","12":"purchasable","13":"product-type-variable"},"yoast_head":"<!-- This site is optimized with the Yoast SEO plugin v27.5 - https:\/\/yoast.com\/product\/yoast-seo-wordpress\/ -->\n<title>Roupa P\u00f3s-Cir\u00fargica de Algod\u00e3o para C\u00e3es | Unissex com Z\u00edper e Velcro - HelPety<\/title>\n<meta name=\"description\" content=\"Roupa p\u00f3s-cir\u00fargica de algod\u00e3o para c\u00e3es! Unissex, com z\u00edper nas costas e ajuste em velcro. Conforto natural para a recupera\u00e7\u00e3o. Veja os tamanhos!\" \/>\n<meta name=\"robots\" content=\"index, follow, max-snippet:-1, max-image-preview:large, max-video-preview:-1\" \/>\n<link rel=\"canonical\" href=\"https:\/\/helpety.com.br\/index.php\/produto\/roupa-cirurgica-para-cachorro-com-velcro-unissex\/\" \/>\n<meta property=\"og:locale\" content=\"pt_BR\" \/>\n<meta property=\"og:type\" content=\"article\" \/>\n<meta property=\"og:title\" content=\"Roupa P\u00f3s-Cir\u00fargica de Algod\u00e3o para C\u00e3es | Unissex com Z\u00edper e Velcro - HelPety\" \/>\n<meta property=\"og:description\" content=\"Roupa p\u00f3s-cir\u00fargica de algod\u00e3o para c\u00e3es! Unissex, com z\u00edper nas costas e ajuste em velcro. Conforto natural para a recupera\u00e7\u00e3o. Veja os tamanhos!\" \/>\n<meta property=\"og:url\" content=\"https:\/\/helpety.com.br\/index.php\/produto\/roupa-cirurgica-para-cachorro-com-velcro-unissex\/\" \/>\n<meta property=\"og:site_name\" content=\"HelPety\" \/>\n<meta property=\"article:publisher\" content=\"https:\/\/www.facebook.com\/helpety\/\" \/>\n<meta property=\"article:modified_time\" content=\"2025-12-26T13:28:38+00:00\" \/>\n<meta property=\"og:image\" content=\"https:\/\/helpety.com.br\/wp-content\/uploads\/2024\/02\/roupa-cirurgica-para-cachorro-5-1.png\" \/>\n\t<meta property=\"og:image:width\" content=\"500\" \/>\n\t<meta property=\"og:image:height\" content=\"500\" \/>\n\t<meta property=\"og:image:type\" content=\"image\/png\" \/>\n<meta name=\"twitter:card\" content=\"summary_large_image\" \/>\n<meta name=\"twitter:label1\" content=\"Est. tempo de leitura\" \/>\n\t<meta name=\"twitter:data1\" content=\"2 minutos\" \/>\n<script type=\"application\/ld+json\" class=\"yoast-schema-graph\">{\"@context\":\"https:\\\/\\\/schema.org\",\"@graph\":[{\"@type\":\"WebPage\",\"@id\":\"https:\\\/\\\/helpety.com.br\\\/index.php\\\/produto\\\/roupa-cirurgica-para-cachorro-com-velcro-unissex\\\/\",\"url\":\"https:\\\/\\\/helpety.com.br\\\/index.php\\\/produto\\\/roupa-cirurgica-para-cachorro-com-velcro-unissex\\\/\",\"name\":\"Roupa P\u00f3s-Cir\u00fargica de Algod\u00e3o para C\u00e3es | Unissex com Z\u00edper e Velcro - HelPety\",\"isPartOf\":{\"@id\":\"https:\\\/\\\/helpety.com.br\\\/#website\"},\"primaryImageOfPage\":{\"@id\":\"https:\\\/\\\/helpety.com.br\\\/index.php\\\/produto\\\/roupa-cirurgica-para-cachorro-com-velcro-unissex\\\/#primaryimage\"},\"image\":{\"@id\":\"https:\\\/\\\/helpety.com.br\\\/index.php\\\/produto\\\/roupa-cirurgica-para-cachorro-com-velcro-unissex\\\/#primaryimage\"},\"thumbnailUrl\":\"https:\\\/\\\/helpety.com.br\\\/wp-content\\\/uploads\\\/2024\\\/02\\\/roupa-cirurgica-para-cachorro-5-1.png\",\"datePublished\":\"2024-02-08T15:19:40+00:00\",\"dateModified\":\"2025-12-26T13:28:38+00:00\",\"description\":\"Roupa p\u00f3s-cir\u00fargica de algod\u00e3o para c\u00e3es! Unissex, com z\u00edper nas costas e ajuste em velcro. Conforto natural para a recupera\u00e7\u00e3o. Veja os tamanhos!\",\"breadcrumb\":{\"@id\":\"https:\\\/\\\/helpety.com.br\\\/index.php\\\/produto\\\/roupa-cirurgica-para-cachorro-com-velcro-unissex\\\/#breadcrumb\"},\"inLanguage\":\"pt-BR\",\"potentialAction\":[{\"@type\":\"ReadAction\",\"target\":[\"https:\\\/\\\/helpety.com.br\\\/index.php\\\/produto\\\/roupa-cirurgica-para-cachorro-com-velcro-unissex\\\/\"]}]},{\"@type\":\"ImageObject\",\"inLanguage\":\"pt-BR\",\"@id\":\"https:\\\/\\\/helpety.com.br\\\/index.php\\\/produto\\\/roupa-cirurgica-para-cachorro-com-velcro-unissex\\\/#primaryimage\",\"url\":\"https:\\\/\\\/helpety.com.br\\\/wp-content\\\/uploads\\\/2024\\\/02\\\/roupa-cirurgica-para-cachorro-5-1.png\",\"contentUrl\":\"https:\\\/\\\/helpety.com.br\\\/wp-content\\\/uploads\\\/2024\\\/02\\\/roupa-cirurgica-para-cachorro-5-1.png\",\"width\":500,\"height\":500},{\"@type\":\"BreadcrumbList\",\"@id\":\"https:\\\/\\\/helpety.com.br\\\/index.php\\\/produto\\\/roupa-cirurgica-para-cachorro-com-velcro-unissex\\\/#breadcrumb\",\"itemListElement\":[{\"@type\":\"ListItem\",\"position\":1,\"name\":\"In\u00edcio\",\"item\":\"https:\\\/\\\/helpety.com.br\\\/\"},{\"@type\":\"ListItem\",\"position\":2,\"name\":\"Loja\",\"item\":\"https:\\\/\\\/helpety.com.br\\\/index.php\\\/e-commerce\\\/\"},{\"@type\":\"ListItem\",\"position\":3,\"name\":\"Roupa P\u00f3s-Cir\u00fargica de Algod\u00e3o para C\u00e3es | Unissex com Z\u00edper e Velcro\"}]},{\"@type\":\"WebSite\",\"@id\":\"https:\\\/\\\/helpety.com.br\\\/#website\",\"url\":\"https:\\\/\\\/helpety.com.br\\\/\",\"name\":\"HelPety\",\"description\":\"\",\"publisher\":{\"@id\":\"https:\\\/\\\/helpety.com.br\\\/#organization\"},\"potentialAction\":[{\"@type\":\"SearchAction\",\"target\":{\"@type\":\"EntryPoint\",\"urlTemplate\":\"https:\\\/\\\/helpety.com.br\\\/?s={search_term_string}\"},\"query-input\":{\"@type\":\"PropertyValueSpecification\",\"valueRequired\":true,\"valueName\":\"search_term_string\"}}],\"inLanguage\":\"pt-BR\"},{\"@type\":\"Organization\",\"@id\":\"https:\\\/\\\/helpety.com.br\\\/#organization\",\"name\":\"HelPety\",\"url\":\"https:\\\/\\\/helpety.com.br\\\/\",\"logo\":{\"@type\":\"ImageObject\",\"inLanguage\":\"pt-BR\",\"@id\":\"https:\\\/\\\/helpety.com.br\\\/#\\\/schema\\\/logo\\\/image\\\/\",\"url\":\"https:\\\/\\\/helpety.com.br\\\/wp-content\\\/uploads\\\/2024\\\/02\\\/HelPety-removebg-preview.png\",\"contentUrl\":\"https:\\\/\\\/helpety.com.br\\\/wp-content\\\/uploads\\\/2024\\\/02\\\/HelPety-removebg-preview.png\",\"width\":204,\"height\":204,\"caption\":\"HelPety\"},\"image\":{\"@id\":\"https:\\\/\\\/helpety.com.br\\\/#\\\/schema\\\/logo\\\/image\\\/\"},\"sameAs\":[\"https:\\\/\\\/www.facebook.com\\\/helpety\\\/\"]}]}<\/script>\n<!-- \/ Yoast SEO plugin. -->","yoast_head_json":{"title":"Roupa P\u00f3s-Cir\u00fargica de Algod\u00e3o para C\u00e3es | Unissex com Z\u00edper e Velcro - HelPety","description":"Roupa p\u00f3s-cir\u00fargica de algod\u00e3o para c\u00e3es! Unissex, com z\u00edper nas costas e ajuste em velcro. Conforto natural para a recupera\u00e7\u00e3o. Veja os tamanhos!","robots":{"index":"index","follow":"follow","max-snippet":"max-snippet:-1","max-image-preview":"max-image-preview:large","max-video-preview":"max-video-preview:-1"},"canonical":"https:\/\/helpety.com.br\/index.php\/produto\/roupa-cirurgica-para-cachorro-com-velcro-unissex\/","og_locale":"pt_BR","og_type":"article","og_title":"Roupa P\u00f3s-Cir\u00fargica de Algod\u00e3o para C\u00e3es | Unissex com Z\u00edper e Velcro - HelPety","og_description":"Roupa p\u00f3s-cir\u00fargica de algod\u00e3o para c\u00e3es! Unissex, com z\u00edper nas costas e ajuste em velcro. Conforto natural para a recupera\u00e7\u00e3o. Veja os tamanhos!","og_url":"https:\/\/helpety.com.br\/index.php\/produto\/roupa-cirurgica-para-cachorro-com-velcro-unissex\/","og_site_name":"HelPety","article_publisher":"https:\/\/www.facebook.com\/helpety\/","article_modified_time":"2025-12-26T13:28:38+00:00","og_image":[{"width":500,"height":500,"url":"https:\/\/helpety.com.br\/wp-content\/uploads\/2024\/02\/roupa-cirurgica-para-cachorro-5-1.png","type":"image\/png"}],"twitter_card":"summary_large_image","twitter_misc":{"Est. tempo de leitura":"2 minutos"},"schema":{"@context":"https:\/\/schema.org","@graph":[{"@type":"WebPage","@id":"https:\/\/helpety.com.br\/index.php\/produto\/roupa-cirurgica-para-cachorro-com-velcro-unissex\/","url":"https:\/\/helpety.com.br\/index.php\/produto\/roupa-cirurgica-para-cachorro-com-velcro-unissex\/","name":"Roupa P\u00f3s-Cir\u00fargica de Algod\u00e3o para C\u00e3es | Unissex com Z\u00edper e Velcro - HelPety","isPartOf":{"@id":"https:\/\/helpety.com.br\/#website"},"primaryImageOfPage":{"@id":"https:\/\/helpety.com.br\/index.php\/produto\/roupa-cirurgica-para-cachorro-com-velcro-unissex\/#primaryimage"},"image":{"@id":"https:\/\/helpety.com.br\/index.php\/produto\/roupa-cirurgica-para-cachorro-com-velcro-unissex\/#primaryimage"},"thumbnailUrl":"https:\/\/helpety.com.br\/wp-content\/uploads\/2024\/02\/roupa-cirurgica-para-cachorro-5-1.png","datePublished":"2024-02-08T15:19:40+00:00","dateModified":"2025-12-26T13:28:38+00:00","description":"Roupa p\u00f3s-cir\u00fargica de algod\u00e3o para c\u00e3es! Unissex, com z\u00edper nas costas e ajuste em velcro. Conforto natural para a recupera\u00e7\u00e3o. Veja os tamanhos!","breadcrumb":{"@id":"https:\/\/helpety.com.br\/index.php\/produto\/roupa-cirurgica-para-cachorro-com-velcro-unissex\/#breadcrumb"},"inLanguage":"pt-BR","potentialAction":[{"@type":"ReadAction","target":["https:\/\/helpety.com.br\/index.php\/produto\/roupa-cirurgica-para-cachorro-com-velcro-unissex\/"]}]},{"@type":"ImageObject","inLanguage":"pt-BR","@id":"https:\/\/helpety.com.br\/index.php\/produto\/roupa-cirurgica-para-cachorro-com-velcro-unissex\/#primaryimage","url":"https:\/\/helpety.com.br\/wp-content\/uploads\/2024\/02\/roupa-cirurgica-para-cachorro-5-1.png","contentUrl":"https:\/\/helpety.com.br\/wp-content\/uploads\/2024\/02\/roupa-cirurgica-para-cachorro-5-1.png","width":500,"height":500},{"@type":"BreadcrumbList","@id":"https:\/\/helpety.com.br\/index.php\/produto\/roupa-cirurgica-para-cachorro-com-velcro-unissex\/#breadcrumb","itemListElement":[{"@type":"ListItem","position":1,"name":"In\u00edcio","item":"https:\/\/helpety.com.br\/"},{"@type":"ListItem","position":2,"name":"Loja","item":"https:\/\/helpety.com.br\/index.php\/e-commerce\/"},{"@type":"ListItem","position":3,"name":"Roupa P\u00f3s-Cir\u00fargica de Algod\u00e3o para C\u00e3es | Unissex com Z\u00edper e Velcro"}]},{"@type":"WebSite","@id":"https:\/\/helpety.com.br\/#website","url":"https:\/\/helpety.com.br\/","name":"HelPety","description":"","publisher":{"@id":"https:\/\/helpety.com.br\/#organization"},"potentialAction":[{"@type":"SearchAction","target":{"@type":"EntryPoint","urlTemplate":"https:\/\/helpety.com.br\/?s={search_term_string}"},"query-input":{"@type":"PropertyValueSpecification","valueRequired":true,"valueName":"search_term_string"}}],"inLanguage":"pt-BR"},{"@type":"Organization","@id":"https:\/\/helpety.com.br\/#organization","name":"HelPety","url":"https:\/\/helpety.com.br\/","logo":{"@type":"ImageObject","inLanguage":"pt-BR","@id":"https:\/\/helpety.com.br\/#\/schema\/logo\/image\/","url":"https:\/\/helpety.com.br\/wp-content\/uploads\/2024\/02\/HelPety-removebg-preview.png","contentUrl":"https:\/\/helpety.com.br\/wp-content\/uploads\/2024\/02\/HelPety-removebg-preview.png","width":204,"height":204,"caption":"HelPety"},"image":{"@id":"https:\/\/helpety.com.br\/#\/schema\/logo\/image\/"},"sameAs":["https:\/\/www.facebook.com\/helpety\/"]}]}},"jetpack_sharing_enabled":true,"_links":{"self":[{"href":"https:\/\/helpety.com.br\/index.php\/wp-json\/wp\/v2\/product\/259","targetHints":{"allow":["GET"]}}],"collection":[{"href":"https:\/\/helpety.com.br\/index.php\/wp-json\/wp\/v2\/product"}],"about":[{"href":"https:\/\/helpety.com.br\/index.php\/wp-json\/wp\/v2\/types\/product"}],"replies":[{"embeddable":true,"href":"https:\/\/helpety.com.br\/index.php\/wp-json\/wp\/v2\/comments?post=259"}],"wp:featuredmedia":[{"embeddable":true,"href":"https:\/\/helpety.com.br\/index.php\/wp-json\/wp\/v2\/media\/1270"}],"wp:attachment":[{"href":"https:\/\/helpety.com.br\/index.php\/wp-json\/wp\/v2\/media?parent=259"}],"wp:term":[{"taxonomy":"product_brand","embeddable":true,"href":"https:\/\/helpety.com.br\/index.php\/wp-json\/wp\/v2\/product_brand?post=259"},{"taxonomy":"product_cat","embeddable":true,"href":"https:\/\/helpety.com.br\/index.php\/wp-json\/wp\/v2\/product_cat?post=259"},{"taxonomy":"product_tag","embeddable":true,"href":"https:\/\/helpety.com.br\/index.php\/wp-json\/wp\/v2\/product_tag?post=259"}],"curies":[{"name":"wp","href":"https:\/\/api.w.org\/{rel}","templated":true}]}}