{"id":111,"date":"2024-02-07T15:03:31","date_gmt":"2024-02-07T18:03:31","guid":{"rendered":"https:\/\/helpety.com.br\/?page_id=111"},"modified":"2024-03-04T20:11:32","modified_gmt":"2024-03-04T23:11:32","slug":"trabalhe-conosco","status":"publish","type":"page","link":"https:\/\/helpety.com.br\/index.php\/trabalhe-conosco\/","title":{"rendered":"Trabalhe conosco"},"content":{"rendered":"\t\t<div data-elementor-type=\"wp-page\" data-elementor-id=\"111\" class=\"elementor elementor-111\">\n\t\t\t\t<div class=\"elementor-element elementor-element-439f6c0 e-flex e-con-boxed wpr-particle-no wpr-jarallax-no wpr-parallax-no wpr-sticky-section-no wpr-equal-height-no e-con e-parent\" data-id=\"439f6c0\" data-element_type=\"container\" data-e-type=\"container\" data-settings=\"{&quot;background_background&quot;:&quot;classic&quot;}\">\n\t\t\t\t\t<div class=\"e-con-inner\">\n\t\t<div class=\"elementor-element elementor-element-b84f833 e-con-full e-flex wpr-particle-no wpr-jarallax-no wpr-parallax-no wpr-sticky-section-no wpr-equal-height-no e-con e-child\" data-id=\"b84f833\" data-element_type=\"container\" data-e-type=\"container\">\n\t\t\t\t<div class=\"elementor-element elementor-element-161931d wpr-advanced-text-style-highlighted elementor-widget__width-initial wpr-animated-text-infinite-yes elementor-widget elementor-widget-wpr-advanced-text\" data-id=\"161931d\" data-element_type=\"widget\" data-e-type=\"widget\" data-settings=\"{&quot;anim_loop&quot;:&quot;yes&quot;}\" data-widget_type=\"wpr-advanced-text.default\">\n\t\t\t\t<div class=\"elementor-widget-container\">\n\t\t\t\t\t\n\t\t<h1 class=\"wpr-advanced-text\">\n\n\t\t\t\t\t\n\t\t\t\t\t\t\t<span class=\"wpr-advanced-text-preffix\">Trabalhe<\/span>\n\t\t\t\n\t\t<span class=\"wpr-highlighted-text\">\n\t\t\t\t\t\n\t\t\t<span class=\"wpr-highlighted-text-inner\">Conosco<\/span>\n\n\t\t\t<svg xmlns=\"http:\/\/www.w3.org\/2000\/svg\" viewBox=\"0 0 500 150\" class=\"wpr-highlight-circle\" preserveAspectRatio=\"none\">\n\t\t\t\t\t\t\t\t<path d=\"M284.72,15.61C276.85,14.43,2-2.85,2,80.46c0,34.09,45.22,58.86,196.31,62.81C719.59,154.18,467-74.85,109,29.15\"><\/path>\n\t\t\t\t\t\t\t<\/svg>\n\t\t\t\t\t<\/span>\n\t\t\t\t\n\t\t<\/h1>\n\t\t\n\t\t\t\t\t\t<\/div>\n\t\t\t\t<\/div>\n\t\t\t\t<\/div>\n\t\t<div class=\"elementor-element elementor-element-44db7bd e-con-full e-flex wpr-particle-no wpr-jarallax-no wpr-parallax-no wpr-sticky-section-no wpr-equal-height-no e-con e-child\" data-id=\"44db7bd\" data-element_type=\"container\" data-e-type=\"container\">\n\t\t\t\t<\/div>\n\t\t\t\t\t<\/div>\n\t\t\t\t<\/div>\n\t\t<div class=\"elementor-element elementor-element-dd07b7b e-flex e-con-boxed wpr-particle-no wpr-jarallax-no wpr-parallax-no wpr-sticky-section-no wpr-equal-height-no e-con e-parent\" data-id=\"dd07b7b\" data-element_type=\"container\" data-e-type=\"container\" data-settings=\"{&quot;background_background&quot;:&quot;classic&quot;}\">\n\t\t\t\t\t<div class=\"e-con-inner\">\n\t\t<div class=\"elementor-element elementor-element-d66488f e-con-full e-flex wpr-particle-no wpr-jarallax-no wpr-parallax-no wpr-sticky-section-no wpr-equal-height-no e-con e-child\" data-id=\"d66488f\" data-element_type=\"container\" data-e-type=\"container\">\n\t\t\t\t<\/div>\n\t\t<div class=\"elementor-element elementor-element-dd31c7a e-con-full e-flex wpr-particle-no wpr-jarallax-no wpr-parallax-no wpr-sticky-section-no wpr-equal-height-no e-con e-child\" data-id=\"dd31c7a\" data-element_type=\"container\" data-e-type=\"container\">\n\t\t\t\t<div class=\"elementor-element elementor-element-c50c0d9 wpr-forms-align-center wpr-forms-submit-center elementor-widget__width-initial elementor-widget elementor-widget-wpr-forms\" data-id=\"c50c0d9\" data-element_type=\"widget\" data-e-type=\"widget\" data-widget_type=\"wpr-forms.default\">\n\t\t\t\t<div class=\"elementor-widget-container\">\n\t\t\t\t\t<div class=\"wpr-forms-container wpr-custom-chk-radio\">\n<div class=\"wpcf7 no-js\" id=\"wpcf7-f1169-o1\" lang=\"pt-BR\" dir=\"ltr\" data-wpcf7-id=\"1169\">\n<div class=\"screen-reader-response\"><p role=\"status\" aria-live=\"polite\" aria-atomic=\"true\"><\/p> <ul><\/ul><\/div>\n<form action=\"\/index.php\/wp-json\/wp\/v2\/pages\/111#wpcf7-f1169-o1\" method=\"post\" class=\"wpcf7-form init\" aria-label=\"Formul\u00e1rios de contato\" enctype=\"multipart\/form-data\" novalidate=\"novalidate\" data-status=\"init\">\n<fieldset class=\"hidden-fields-container\"><input type=\"hidden\" name=\"_wpcf7\" value=\"1169\" \/><input type=\"hidden\" name=\"_wpcf7_version\" value=\"6.1.5\" \/><input type=\"hidden\" name=\"_wpcf7_locale\" value=\"pt_BR\" \/><input type=\"hidden\" name=\"_wpcf7_unit_tag\" value=\"wpcf7-f1169-o1\" \/><input type=\"hidden\" name=\"_wpcf7_container_post\" value=\"0\" \/><input type=\"hidden\" name=\"_wpcf7_posted_data_hash\" value=\"\" \/>\n<\/fieldset>\n<p><label> Nome<br \/>\n<span class=\"wpcf7-form-control-wrap\" data-name=\"your-name\"><input size=\"40\" maxlength=\"400\" class=\"wpcf7-form-control wpcf7-text wpcf7-validates-as-required\" autocomplete=\"name\" aria-required=\"true\" aria-invalid=\"false\" value=\"\" type=\"text\" name=\"your-name\" \/><\/span> <\/label>\n<\/p>\n<p><label> E-mail<br \/>\n<span class=\"wpcf7-form-control-wrap\" data-name=\"your-email\"><input size=\"40\" maxlength=\"400\" class=\"wpcf7-form-control wpcf7-email wpcf7-validates-as-required wpcf7-text wpcf7-validates-as-email\" autocomplete=\"email\" aria-required=\"true\" aria-invalid=\"false\" value=\"\" type=\"email\" name=\"your-email\" \/><\/span> <\/label>\n<\/p>\n<p><label> Telefone<br \/>\n<span class=\"wpcf7-form-control-wrap\" data-name=\"Telefone\"><input size=\"40\" maxlength=\"400\" class=\"wpcf7-form-control wpcf7-tel wpcf7-text wpcf7-validates-as-tel\" aria-invalid=\"false\" value=\"\" type=\"tel\" name=\"Telefone\" \/><\/span> <\/label>\n<\/p>\n<p><label> Assunto<br \/>\n<span class=\"wpcf7-form-control-wrap\" data-name=\"your-subject\"><input size=\"40\" maxlength=\"400\" class=\"wpcf7-form-control wpcf7-text wpcf7-validates-as-required\" aria-required=\"true\" aria-invalid=\"false\" value=\"\" type=\"text\" name=\"your-subject\" \/><\/span> <\/label>\n<\/p>\n<p><label> Deixe seu Curr\u00edculo<br \/>\n<span class=\"wpcf7-form-control-wrap\" data-name=\"file-324\"><input size=\"40\" class=\"wpcf7-form-control wpcf7-file wpcf7-validates-as-required\" accept=\".pdf\" aria-required=\"true\" aria-invalid=\"false\" type=\"file\" name=\"file-324\" \/><\/span> <\/label>\n<\/p>\n<p><input class=\"wpcf7-form-control wpcf7-submit has-spinner\" type=\"submit\" value=\"Enviar\" \/>\n<\/p><div class=\"wpcf7-response-output\" aria-hidden=\"true\"><\/div>\n<\/form>\n<\/div>\n<\/div>\t\t\t\t<\/div>\n\t\t\t\t<\/div>\n\t\t\t\t<\/div>\n\t\t<div class=\"elementor-element elementor-element-222f7a7 e-con-full e-flex wpr-particle-no wpr-jarallax-no wpr-parallax-no wpr-sticky-section-no wpr-equal-height-no e-con e-child\" data-id=\"222f7a7\" data-element_type=\"container\" data-e-type=\"container\">\n\t\t\t\t<\/div>\n\t\t\t\t\t<\/div>\n\t\t\t\t<\/div>\n\t\t<div class=\"elementor-element elementor-element-3363951 e-flex e-con-boxed wpr-particle-no wpr-jarallax-no wpr-parallax-no wpr-sticky-section-no wpr-equal-height-no e-con e-parent\" data-id=\"3363951\" data-element_type=\"container\" data-e-type=\"container\">\n\t\t\t\t\t<div class=\"e-con-inner\">\n\t\t<div class=\"elementor-element elementor-element-b9d7264 e-con-full e-flex wpr-particle-no wpr-jarallax-no wpr-parallax-no wpr-sticky-section-no wpr-equal-height-no e-con e-child\" data-id=\"b9d7264\" data-element_type=\"container\" data-e-type=\"container\">\n\t\t\t\t<div class=\"elementor-element elementor-element-586f55a elementor-widget elementor-widget-spacer\" data-id=\"586f55a\" data-element_type=\"widget\" data-e-type=\"widget\" data-widget_type=\"spacer.default\">\n\t\t\t\t<div class=\"elementor-widget-container\">\n\t\t\t\t\t\t\t<div class=\"elementor-spacer\">\n\t\t\t<div class=\"elementor-spacer-inner\"><\/div>\n\t\t<\/div>\n\t\t\t\t\t\t<\/div>\n\t\t\t\t<\/div>\n\t\t\t\t<div class=\"elementor-element elementor-element-d502006 elementor-widget elementor-widget-image\" data-id=\"d502006\" data-element_type=\"widget\" data-e-type=\"widget\" data-widget_type=\"image.default\">\n\t\t\t\t<div class=\"elementor-widget-container\">\n\t\t\t\t\t\t\t\t\t\t\t\t\t\t\t<img decoding=\"async\" width=\"244\" height=\"39\" src=\"https:\/\/helpety.com.br\/wp-content\/uploads\/2024\/02\/DIVISOR_MENOR.png\" class=\"attachment-large size-large wp-image-432\" alt=\"DIVISOR\" \/>\t\t\t\t\t\t\t\t\t\t\t\t\t\t\t<\/div>\n\t\t\t\t<\/div>\n\t\t\t\t<div class=\"elementor-element elementor-element-ab3ee04 elementor-widget elementor-widget-spacer\" data-id=\"ab3ee04\" data-element_type=\"widget\" data-e-type=\"widget\" data-widget_type=\"spacer.default\">\n\t\t\t\t<div class=\"elementor-widget-container\">\n\t\t\t\t\t\t\t<div class=\"elementor-spacer\">\n\t\t\t<div class=\"elementor-spacer-inner\"><\/div>\n\t\t<\/div>\n\t\t\t\t\t\t<\/div>\n\t\t\t\t<\/div>\n\t\t\t\t<\/div>\n\t\t<div class=\"elementor-element elementor-element-fc0df70 e-con-full e-flex wpr-particle-no wpr-jarallax-no wpr-parallax-no wpr-sticky-section-no wpr-equal-height-no e-con e-child\" data-id=\"fc0df70\" data-element_type=\"container\" data-e-type=\"container\">\n\t\t\t\t<div class=\"elementor-element elementor-element-1010e28 elementor-widget elementor-widget-image\" data-id=\"1010e28\" data-element_type=\"widget\" data-e-type=\"widget\" data-widget_type=\"image.default\">\n\t\t\t\t<div class=\"elementor-widget-container\">\n\t\t\t\t\t\t\t\t\t\t\t\t\t\t\t<img fetchpriority=\"high\" decoding=\"async\" width=\"677\" height=\"911\" src=\"https:\/\/helpety.com.br\/wp-content\/uploads\/2024\/02\/CACHORRO-LOGO-TRANSPARENTE.png\" class=\"attachment-large size-large wp-image-490\" alt=\"\" srcset=\"https:\/\/helpety.com.br\/wp-content\/uploads\/2024\/02\/CACHORRO-LOGO-TRANSPARENTE.png 677w, https:\/\/helpety.com.br\/wp-content\/uploads\/2024\/02\/CACHORRO-LOGO-TRANSPARENTE-223x300.png 223w, https:\/\/helpety.com.br\/wp-content\/uploads\/2024\/02\/CACHORRO-LOGO-TRANSPARENTE-600x807.png 600w\" sizes=\"(max-width: 677px) 100vw, 677px\" \/>\t\t\t\t\t\t\t\t\t\t\t\t\t\t\t<\/div>\n\t\t\t\t<\/div>\n\t\t\t\t<\/div>\n\t\t<div class=\"elementor-element elementor-element-2c34e98 e-con-full e-flex wpr-particle-no wpr-jarallax-no wpr-parallax-no wpr-sticky-section-no wpr-equal-height-no e-con e-child\" data-id=\"2c34e98\" data-element_type=\"container\" data-e-type=\"container\">\n\t\t\t\t<div class=\"elementor-element elementor-element-fda5998 e-transform elementor-widget elementor-widget-heading\" data-id=\"fda5998\" data-element_type=\"widget\" data-e-type=\"widget\" data-settings=\"{&quot;_transform_scale_effect_hover&quot;:{&quot;unit&quot;:&quot;px&quot;,&quot;size&quot;:1.1,&quot;sizes&quot;:[]},&quot;_transform_scale_effect_hover_tablet&quot;:{&quot;unit&quot;:&quot;px&quot;,&quot;size&quot;:&quot;&quot;,&quot;sizes&quot;:[]},&quot;_transform_scale_effect_hover_mobile&quot;:{&quot;unit&quot;:&quot;px&quot;,&quot;size&quot;:&quot;&quot;,&quot;sizes&quot;:[]}}\" data-widget_type=\"heading.default\">\n\t\t\t\t<div class=\"elementor-widget-container\">\n\t\t\t\t\t<h2 class=\"elementor-heading-title elementor-size-default\">Amamos o que fazemos e para quem fazemos<\/h2>\t\t\t\t<\/div>\n\t\t\t\t<\/div>\n\t\t\t\t<div class=\"elementor-element elementor-element-ef30107 elementor-widget-tablet__width-initial elementor-widget__width-initial elementor-widget elementor-widget-text-editor\" data-id=\"ef30107\" data-element_type=\"widget\" data-e-type=\"widget\" data-widget_type=\"text-editor.default\">\n\t\t\t\t<div class=\"elementor-widget-container\">\n\t\t\t\t\t\t\t\t\t<p><strong>Amamos os animais tanto quanto voc\u00ea.<\/strong> Cada produto que criamos \u00e9 uma express\u00e3o do <strong>nosso compromisso com o bem-estar e o conforto<\/strong> dos seus companheiros<\/p>\t\t\t\t\t\t\t\t<\/div>\n\t\t\t\t<\/div>\n\t\t\t\t<div class=\"elementor-element elementor-element-b5bde54 elementor-widget-tablet__width-initial elementor-widget__width-initial elementor-widget elementor-widget-text-editor\" data-id=\"b5bde54\" data-element_type=\"widget\" data-e-type=\"widget\" data-widget_type=\"text-editor.default\">\n\t\t\t\t<div class=\"elementor-widget-container\">\n\t\t\t\t\t\t\t\t\t<p>Nossa paix\u00e3o por animais impulsiona cada etapa do nosso processo de desenvolvimento,<strong> desde a concep\u00e7\u00e3o at\u00e9 a produ\u00e7\u00e3o.<\/strong><\/p><p><em>Fa\u00e7a parte da Helpety para oferecer o cuidado incompar\u00e1vel que nossos amigos de quatro patas merecem.<\/em><\/p>\t\t\t\t\t\t\t\t<\/div>\n\t\t\t\t<\/div>\n\t\t\t\t<\/div>\n\t\t<div class=\"elementor-element elementor-element-94649f9 e-con-full e-flex wpr-particle-no wpr-jarallax-no wpr-parallax-no wpr-sticky-section-no wpr-equal-height-no e-con e-child\" data-id=\"94649f9\" data-element_type=\"container\" data-e-type=\"container\">\n\t\t\t\t<div class=\"elementor-element elementor-element-92f1dd6 elementor-widget elementor-widget-spacer\" data-id=\"92f1dd6\" data-element_type=\"widget\" data-e-type=\"widget\" data-widget_type=\"spacer.default\">\n\t\t\t\t<div class=\"elementor-widget-container\">\n\t\t\t\t\t\t\t<div class=\"elementor-spacer\">\n\t\t\t<div class=\"elementor-spacer-inner\"><\/div>\n\t\t<\/div>\n\t\t\t\t\t\t<\/div>\n\t\t\t\t<\/div>\n\t\t\t\t<div class=\"elementor-element elementor-element-f54a6fe elementor-widget elementor-widget-image\" data-id=\"f54a6fe\" data-element_type=\"widget\" data-e-type=\"widget\" data-widget_type=\"image.default\">\n\t\t\t\t<div class=\"elementor-widget-container\">\n\t\t\t\t\t\t\t\t\t\t\t\t\t\t\t<img decoding=\"async\" width=\"244\" height=\"39\" src=\"https:\/\/helpety.com.br\/wp-content\/uploads\/2024\/02\/DIVISOR_MENOR.png\" class=\"attachment-large size-large wp-image-432\" alt=\"DIVISOR\" \/>\t\t\t\t\t\t\t\t\t\t\t\t\t\t\t<\/div>\n\t\t\t\t<\/div>\n\t\t\t\t<div class=\"elementor-element elementor-element-81f2cdc elementor-widget elementor-widget-spacer\" data-id=\"81f2cdc\" data-element_type=\"widget\" data-e-type=\"widget\" data-widget_type=\"spacer.default\">\n\t\t\t\t<div class=\"elementor-widget-container\">\n\t\t\t\t\t\t\t<div class=\"elementor-spacer\">\n\t\t\t<div class=\"elementor-spacer-inner\"><\/div>\n\t\t<\/div>\n\t\t\t\t\t\t<\/div>\n\t\t\t\t<\/div>\n\t\t\t\t<\/div>\n\t\t\t\t\t<\/div>\n\t\t\t\t<\/div>\n\t\t\t\t<\/div>\n\t\t","protected":false},"excerpt":{"rendered":"<p>Trabalhe Conosco Nome E-mail Telefone Assunto Deixe seu Curr\u00edculo Amamos o que fazemos e para quem fazemos Amamos os animais tanto quanto voc\u00ea. Cada produto que criamos \u00e9 uma express\u00e3o do nosso compromisso com o bem-estar e o conforto dos seus companheiros Nossa paix\u00e3o por animais impulsiona cada etapa do nosso processo de desenvolvimento, desde a concep\u00e7\u00e3o at\u00e9 a produ\u00e7\u00e3o. Fa\u00e7a parte da Helpety para oferecer o cuidado incompar\u00e1vel que nossos amigos de quatro patas merecem.<\/p>\n","protected":false},"author":1,"featured_media":0,"parent":0,"menu_order":0,"comment_status":"closed","ping_status":"closed","template":"elementor_header_footer","meta":{"_joinchat":[],"footnotes":""},"class_list":["post-111","page","type-page","status-publish","hentry"],"yoast_head":"<!-- This site is optimized with the Yoast SEO plugin v27.5 - https:\/\/yoast.com\/product\/yoast-seo-wordpress\/ -->\n<title>Trabalhe conosco - HelPety<\/title>\n<meta name=\"robots\" content=\"index, follow, max-snippet:-1, max-image-preview:large, max-video-preview:-1\" \/>\n<link rel=\"canonical\" href=\"https:\/\/helpety.com.br\/index.php\/trabalhe-conosco\/\" \/>\n<meta property=\"og:locale\" content=\"pt_BR\" \/>\n<meta property=\"og:type\" content=\"article\" \/>\n<meta property=\"og:title\" content=\"Trabalhe conosco - HelPety\" \/>\n<meta property=\"og:description\" content=\"Trabalhe Conosco Nome E-mail Telefone Assunto Deixe seu Curr\u00edculo Amamos o que fazemos e para quem fazemos Amamos os animais tanto quanto voc\u00ea. Cada produto que criamos \u00e9 uma express\u00e3o do nosso compromisso com o bem-estar e o conforto dos seus companheiros Nossa paix\u00e3o por animais impulsiona cada etapa do nosso processo de desenvolvimento, desde a concep\u00e7\u00e3o at\u00e9 a produ\u00e7\u00e3o. Fa\u00e7a parte da Helpety para oferecer o cuidado incompar\u00e1vel que nossos amigos de quatro patas merecem.\" \/>\n<meta property=\"og:url\" content=\"https:\/\/helpety.com.br\/index.php\/trabalhe-conosco\/\" \/>\n<meta property=\"og:site_name\" content=\"HelPety\" \/>\n<meta property=\"article:publisher\" content=\"https:\/\/www.facebook.com\/helpety\/\" \/>\n<meta property=\"article:modified_time\" content=\"2024-03-04T23:11:32+00:00\" \/>\n<meta property=\"og:image\" content=\"https:\/\/helpety.com.br\/wp-content\/uploads\/2024\/02\/DIVISOR_MENOR.png\" \/>\n<meta name=\"twitter:card\" content=\"summary_large_image\" \/>\n<meta name=\"twitter:label1\" content=\"Est. tempo de leitura\" \/>\n\t<meta name=\"twitter:data1\" content=\"2 minutos\" \/>\n<script type=\"application\/ld+json\" class=\"yoast-schema-graph\">{\"@context\":\"https:\\\/\\\/schema.org\",\"@graph\":[{\"@type\":\"WebPage\",\"@id\":\"https:\\\/\\\/helpety.com.br\\\/index.php\\\/trabalhe-conosco\\\/\",\"url\":\"https:\\\/\\\/helpety.com.br\\\/index.php\\\/trabalhe-conosco\\\/\",\"name\":\"Trabalhe conosco - HelPety\",\"isPartOf\":{\"@id\":\"https:\\\/\\\/helpety.com.br\\\/#website\"},\"primaryImageOfPage\":{\"@id\":\"https:\\\/\\\/helpety.com.br\\\/index.php\\\/trabalhe-conosco\\\/#primaryimage\"},\"image\":{\"@id\":\"https:\\\/\\\/helpety.com.br\\\/index.php\\\/trabalhe-conosco\\\/#primaryimage\"},\"thumbnailUrl\":\"https:\\\/\\\/helpety.com.br\\\/wp-content\\\/uploads\\\/2024\\\/02\\\/DIVISOR_MENOR.png\",\"datePublished\":\"2024-02-07T18:03:31+00:00\",\"dateModified\":\"2024-03-04T23:11:32+00:00\",\"breadcrumb\":{\"@id\":\"https:\\\/\\\/helpety.com.br\\\/index.php\\\/trabalhe-conosco\\\/#breadcrumb\"},\"inLanguage\":\"pt-BR\",\"potentialAction\":[{\"@type\":\"ReadAction\",\"target\":[\"https:\\\/\\\/helpety.com.br\\\/index.php\\\/trabalhe-conosco\\\/\"]}]},{\"@type\":\"ImageObject\",\"inLanguage\":\"pt-BR\",\"@id\":\"https:\\\/\\\/helpety.com.br\\\/index.php\\\/trabalhe-conosco\\\/#primaryimage\",\"url\":\"https:\\\/\\\/helpety.com.br\\\/wp-content\\\/uploads\\\/2024\\\/02\\\/DIVISOR_MENOR.png\",\"contentUrl\":\"https:\\\/\\\/helpety.com.br\\\/wp-content\\\/uploads\\\/2024\\\/02\\\/DIVISOR_MENOR.png\",\"width\":244,\"height\":39,\"caption\":\"DIVISOR\"},{\"@type\":\"BreadcrumbList\",\"@id\":\"https:\\\/\\\/helpety.com.br\\\/index.php\\\/trabalhe-conosco\\\/#breadcrumb\",\"itemListElement\":[{\"@type\":\"ListItem\",\"position\":1,\"name\":\"In\u00edcio\",\"item\":\"https:\\\/\\\/helpety.com.br\\\/\"},{\"@type\":\"ListItem\",\"position\":2,\"name\":\"Trabalhe conosco\"}]},{\"@type\":\"WebSite\",\"@id\":\"https:\\\/\\\/helpety.com.br\\\/#website\",\"url\":\"https:\\\/\\\/helpety.com.br\\\/\",\"name\":\"HelPety\",\"description\":\"\",\"publisher\":{\"@id\":\"https:\\\/\\\/helpety.com.br\\\/#organization\"},\"potentialAction\":[{\"@type\":\"SearchAction\",\"target\":{\"@type\":\"EntryPoint\",\"urlTemplate\":\"https:\\\/\\\/helpety.com.br\\\/?s={search_term_string}\"},\"query-input\":{\"@type\":\"PropertyValueSpecification\",\"valueRequired\":true,\"valueName\":\"search_term_string\"}}],\"inLanguage\":\"pt-BR\"},{\"@type\":\"Organization\",\"@id\":\"https:\\\/\\\/helpety.com.br\\\/#organization\",\"name\":\"HelPety\",\"url\":\"https:\\\/\\\/helpety.com.br\\\/\",\"logo\":{\"@type\":\"ImageObject\",\"inLanguage\":\"pt-BR\",\"@id\":\"https:\\\/\\\/helpety.com.br\\\/#\\\/schema\\\/logo\\\/image\\\/\",\"url\":\"https:\\\/\\\/helpety.com.br\\\/wp-content\\\/uploads\\\/2024\\\/02\\\/HelPety-removebg-preview.png\",\"contentUrl\":\"https:\\\/\\\/helpety.com.br\\\/wp-content\\\/uploads\\\/2024\\\/02\\\/HelPety-removebg-preview.png\",\"width\":204,\"height\":204,\"caption\":\"HelPety\"},\"image\":{\"@id\":\"https:\\\/\\\/helpety.com.br\\\/#\\\/schema\\\/logo\\\/image\\\/\"},\"sameAs\":[\"https:\\\/\\\/www.facebook.com\\\/helpety\\\/\"]}]}<\/script>\n<!-- \/ Yoast SEO plugin. -->","yoast_head_json":{"title":"Trabalhe conosco - HelPety","robots":{"index":"index","follow":"follow","max-snippet":"max-snippet:-1","max-image-preview":"max-image-preview:large","max-video-preview":"max-video-preview:-1"},"canonical":"https:\/\/helpety.com.br\/index.php\/trabalhe-conosco\/","og_locale":"pt_BR","og_type":"article","og_title":"Trabalhe conosco - HelPety","og_description":"Trabalhe Conosco Nome E-mail Telefone Assunto Deixe seu Curr\u00edculo Amamos o que fazemos e para quem fazemos Amamos os animais tanto quanto voc\u00ea. Cada produto que criamos \u00e9 uma express\u00e3o do nosso compromisso com o bem-estar e o conforto dos seus companheiros Nossa paix\u00e3o por animais impulsiona cada etapa do nosso processo de desenvolvimento, desde a concep\u00e7\u00e3o at\u00e9 a produ\u00e7\u00e3o. Fa\u00e7a parte da Helpety para oferecer o cuidado incompar\u00e1vel que nossos amigos de quatro patas merecem.","og_url":"https:\/\/helpety.com.br\/index.php\/trabalhe-conosco\/","og_site_name":"HelPety","article_publisher":"https:\/\/www.facebook.com\/helpety\/","article_modified_time":"2024-03-04T23:11:32+00:00","og_image":[{"url":"https:\/\/helpety.com.br\/wp-content\/uploads\/2024\/02\/DIVISOR_MENOR.png","type":"","width":"","height":""}],"twitter_card":"summary_large_image","twitter_misc":{"Est. tempo de leitura":"2 minutos"},"schema":{"@context":"https:\/\/schema.org","@graph":[{"@type":"WebPage","@id":"https:\/\/helpety.com.br\/index.php\/trabalhe-conosco\/","url":"https:\/\/helpety.com.br\/index.php\/trabalhe-conosco\/","name":"Trabalhe conosco - HelPety","isPartOf":{"@id":"https:\/\/helpety.com.br\/#website"},"primaryImageOfPage":{"@id":"https:\/\/helpety.com.br\/index.php\/trabalhe-conosco\/#primaryimage"},"image":{"@id":"https:\/\/helpety.com.br\/index.php\/trabalhe-conosco\/#primaryimage"},"thumbnailUrl":"https:\/\/helpety.com.br\/wp-content\/uploads\/2024\/02\/DIVISOR_MENOR.png","datePublished":"2024-02-07T18:03:31+00:00","dateModified":"2024-03-04T23:11:32+00:00","breadcrumb":{"@id":"https:\/\/helpety.com.br\/index.php\/trabalhe-conosco\/#breadcrumb"},"inLanguage":"pt-BR","potentialAction":[{"@type":"ReadAction","target":["https:\/\/helpety.com.br\/index.php\/trabalhe-conosco\/"]}]},{"@type":"ImageObject","inLanguage":"pt-BR","@id":"https:\/\/helpety.com.br\/index.php\/trabalhe-conosco\/#primaryimage","url":"https:\/\/helpety.com.br\/wp-content\/uploads\/2024\/02\/DIVISOR_MENOR.png","contentUrl":"https:\/\/helpety.com.br\/wp-content\/uploads\/2024\/02\/DIVISOR_MENOR.png","width":244,"height":39,"caption":"DIVISOR"},{"@type":"BreadcrumbList","@id":"https:\/\/helpety.com.br\/index.php\/trabalhe-conosco\/#breadcrumb","itemListElement":[{"@type":"ListItem","position":1,"name":"In\u00edcio","item":"https:\/\/helpety.com.br\/"},{"@type":"ListItem","position":2,"name":"Trabalhe conosco"}]},{"@type":"WebSite","@id":"https:\/\/helpety.com.br\/#website","url":"https:\/\/helpety.com.br\/","name":"HelPety","description":"","publisher":{"@id":"https:\/\/helpety.com.br\/#organization"},"potentialAction":[{"@type":"SearchAction","target":{"@type":"EntryPoint","urlTemplate":"https:\/\/helpety.com.br\/?s={search_term_string}"},"query-input":{"@type":"PropertyValueSpecification","valueRequired":true,"valueName":"search_term_string"}}],"inLanguage":"pt-BR"},{"@type":"Organization","@id":"https:\/\/helpety.com.br\/#organization","name":"HelPety","url":"https:\/\/helpety.com.br\/","logo":{"@type":"ImageObject","inLanguage":"pt-BR","@id":"https:\/\/helpety.com.br\/#\/schema\/logo\/image\/","url":"https:\/\/helpety.com.br\/wp-content\/uploads\/2024\/02\/HelPety-removebg-preview.png","contentUrl":"https:\/\/helpety.com.br\/wp-content\/uploads\/2024\/02\/HelPety-removebg-preview.png","width":204,"height":204,"caption":"HelPety"},"image":{"@id":"https:\/\/helpety.com.br\/#\/schema\/logo\/image\/"},"sameAs":["https:\/\/www.facebook.com\/helpety\/"]}]}},"jetpack_sharing_enabled":true,"_links":{"self":[{"href":"https:\/\/helpety.com.br\/index.php\/wp-json\/wp\/v2\/pages\/111","targetHints":{"allow":["GET"]}}],"collection":[{"href":"https:\/\/helpety.com.br\/index.php\/wp-json\/wp\/v2\/pages"}],"about":[{"href":"https:\/\/helpety.com.br\/index.php\/wp-json\/wp\/v2\/types\/page"}],"author":[{"embeddable":true,"href":"https:\/\/helpety.com.br\/index.php\/wp-json\/wp\/v2\/users\/1"}],"replies":[{"embeddable":true,"href":"https:\/\/helpety.com.br\/index.php\/wp-json\/wp\/v2\/comments?post=111"}],"version-history":[{"count":22,"href":"https:\/\/helpety.com.br\/index.php\/wp-json\/wp\/v2\/pages\/111\/revisions"}],"predecessor-version":[{"id":1469,"href":"https:\/\/helpety.com.br\/index.php\/wp-json\/wp\/v2\/pages\/111\/revisions\/1469"}],"wp:attachment":[{"href":"https:\/\/helpety.com.br\/index.php\/wp-json\/wp\/v2\/media?parent=111"}],"curies":[{"name":"wp","href":"https:\/\/api.w.org\/{rel}","templated":true}]}}